{"id":2,"date":"2015-02-06T12:51:49","date_gmt":"2015-02-06T12:51:49","guid":{"rendered":"http:\/\/localhost\/wordpress-4.0.1\/wordpress\/?page_id=2"},"modified":"2015-10-26T10:38:22","modified_gmt":"2015-10-26T10:38:22","slug":"francesca-terranova","status":"publish","type":"page","link":"https:\/\/index-seminare.de\/?page_id=2","title":{"rendered":"Francesca Terranova"},"content":{"rendered":"<p><a href=\"http:\/\/index-seminare.de\/wp-content\/uploads\/2015\/02\/IMG_3451n1.jpg\"><img loading=\"lazy\" class=\"alignright size-medium wp-image-63\" src=\"http:\/\/index-seminare.de\/wp-content\/uploads\/2015\/02\/IMG_3451n1-217x300.jpg\" alt=\"Francesca\" width=\"217\" height=\"300\" srcset=\"https:\/\/index-seminare.de\/wp-content\/uploads\/2015\/02\/IMG_3451n1-217x300.jpg 217w, https:\/\/index-seminare.de\/wp-content\/uploads\/2015\/02\/IMG_3451n1-739x1024.jpg 739w, https:\/\/index-seminare.de\/wp-content\/uploads\/2015\/02\/IMG_3451n1.jpg 1535w\" sizes=\"(max-width: 217px) 100vw, 217px\" \/><\/a>Meine vielf\u00e4ltigen Lebens-, Berufs- und spirituellen Erfahrungen helfen, andere einf\u00fchlsam und klar mit The Work zu begleiten. Ich bin vom Institut f\u00fcr \u201eThe Work\u201c zertifizierter Coach f\u00fcr \u201eThe Work of Byron Katie (VTW)\u201c.<\/p>\n<p>Zudem habe ich viele Ausbildungen und Fortbildungen im Bereich Coaching und Heilung, wie:<\/p>\n<ul>\n<li>NLP Practitioner<\/li>\n<li>Psychokinesiologie nach Dr. Klinghardt<\/li>\n<li>Freies Aufstellen<\/li>\n<li>Jin Shin Jyutsu<\/li>\n<li>Quantenheilung\u00ae nach Kinslow<\/li>\n<li>Matrix Energetics\u00ae nach Dr. Richard Bartlett<\/li>\n<li>Reconnection\u00ae nach Dr. Eric Pearl<\/li>\n<li>Coach f\u00fcr The Work of Byron Katie<\/li>\n<li>Russische Heilmethoden nach der Lehre von Grigori Grabovoi\u00ae<\/li>\n<li>Umarmerin seit 1999 (www.umarmungen.de)<\/li>\n<\/ul>\n<p>Ich hei\u00dfe Francesca Terranova (\u00dcbersetzung in Deutsch: Francesca oder Franca\/Franco hei\u00dft &#8222;Frei&#8220; und Terranova hei\u00dft &#8222;Neue Erde&#8220; zusammen &#8222;Freie Neue Erde&#8220;). Ich bin 1967 auf der wunderbaren Insel Sizilien geboren. Seit meinem dritten Lebensmonat lebe ich in Deutschland, im sch\u00f6nen Rosenheim und jetzt im Chiemgau.<\/p>\n<p>Ich bin verheiratet und lebe seit 1995 mit Herbert in einer gl\u00fccklichen Partnerschaft.<\/p>\n<p>Einer meiner Liebslingsspr\u00fcch:\u00a0 \u201eWie willst du dein Leben versch\u00f6nern, wenn du nicht das Au\u00dfergew\u00f6hnliche zur Gewohnheit (zum Alltag) und die Gewohnheit (den Alltag) zum Au\u00dfergew\u00f6hnlichen machst?\u201c (Francesca Terranova)<\/p>\n<p>Da ich die Menschen liebe, liegt es in meiner Natur, sie zu unterst\u00fctzen, zu begleiten und liebevoll zu beraten, bis sie ihre Herzensliebe und Herzensw\u00e4rme wieder selbst entdeckt haben. Ich w\u00fcnsche mir, dass wir jeden Tag innerlich wachsen, und dass wir das Leben mit Leichtigkeit und Freude erleben.<\/p>\n<p>Ich bin davon \u00fcberzeugt, dass wir mit den Umarmungen die Menschheit wieder menschlicher machen. Seit 1999 bin ich mit meinen eigenen Herzstickern unterwegs und umarme regelm\u00e4\u00dfig. Ich gehe zum Beispiel in Altersheime und in Krankenh\u00e4user und umarme dort alle Menschen. Ebenso auf der Strasse, in Kaufhaus, im Restaurant oder in Seminaren und Vortr\u00e4gen, eben wo ich gerade bin. Und daf\u00fcr k\u00f6nnt Ihr mich auch buchen.<\/p>\n<p><strong>P.S.<\/strong> Solltet Ihr noch Fragen oder etwas auf dem Herzen haben oder eine Umarmung brauchen, k\u00f6nnt ihr mir gerne schreiben, eine E-Mail schicken oder einfach vorbei kommen.<\/p>\n<p>&nbsp;<\/p>\n","protected":false},"excerpt":{"rendered":"<p>Meine vielf\u00e4ltigen Lebens-, Berufs- und spirituellen Erfahrungen helfen, andere einf\u00fchlsam und klar mit The Work zu begleiten. Ich bin vom Institut f\u00fcr \u201eThe Work\u201c zertifizierter Coach f\u00fcr \u201eThe Work of Byron Katie (VTW)\u201c. Zudem habe ich viele Ausbildungen und Fortbildungen im Bereich Coaching und Heilung, wie: NLP Practitioner Psychokinesiologie nach&hellip; <\/p>\n","protected":false},"author":1,"featured_media":0,"parent":0,"menu_order":2,"comment_status":"closed","ping_status":"closed","template":"template-fullwidth.php","meta":[],"_links":{"self":[{"href":"https:\/\/index-seminare.de\/index.php?rest_route=\/wp\/v2\/pages\/2"}],"collection":[{"href":"https:\/\/index-seminare.de\/index.php?rest_route=\/wp\/v2\/pages"}],"about":[{"href":"https:\/\/index-seminare.de\/index.php?rest_route=\/wp\/v2\/types\/page"}],"author":[{"embeddable":true,"href":"https:\/\/index-seminare.de\/index.php?rest_route=\/wp\/v2\/users\/1"}],"replies":[{"embeddable":true,"href":"https:\/\/index-seminare.de\/index.php?rest_route=%2Fwp%2Fv2%2Fcomments&post=2"}],"version-history":[{"count":16,"href":"https:\/\/index-seminare.de\/index.php?rest_route=\/wp\/v2\/pages\/2\/revisions"}],"predecessor-version":[{"id":234,"href":"https:\/\/index-seminare.de\/index.php?rest_route=\/wp\/v2\/pages\/2\/revisions\/234"}],"wp:attachment":[{"href":"https:\/\/index-seminare.de\/index.php?rest_route=%2Fwp%2Fv2%2Fmedia&parent=2"}],"curies":[{"name":"wp","href":"https:\/\/api.w.org\/{rel}","templated":true}]}}