{"id":251,"date":"2018-06-22T12:43:05","date_gmt":"2018-06-22T12:43:05","guid":{"rendered":"http:\/\/index-seminare.de\/?page_id=251"},"modified":"2018-06-22T13:17:33","modified_gmt":"2018-06-22T13:17:33","slug":"datenschutzerklaerung","status":"publish","type":"page","link":"https:\/\/index-seminare.de\/?page_id=251","title":{"rendered":"Datenschutzerkl\u00e4rung"},"content":{"rendered":"<p class=\"header-rot\"><strong>Datenschutzerkl\u00e4rung<\/strong><\/p>\n<p>INDEX SEMINARE ein Unternehmen der<a href=\"http:\/\/index-seminare.de\/wp-content\/uploads\/2015\/02\/Index-Unternehmensberatung-Logo-03042012.jpg\"><img loading=\"lazy\" class=\"alignright wp-image-31 size-medium\" src=\"http:\/\/index-seminare.de\/wp-content\/uploads\/2015\/02\/Index-Unternehmensberatung-Logo-03042012-300x265.jpg\" sizes=\"(max-width: 300px) 100vw, 300px\" srcset=\"http:\/\/index-seminare.de\/wp-content\/uploads\/2015\/02\/Index-Unternehmensberatung-Logo-03042012-300x265.jpg 300w, http:\/\/index-seminare.de\/wp-content\/uploads\/2015\/02\/Index-Unternehmensberatung-Logo-03042012-1024x905.jpg 1024w, http:\/\/index-seminare.de\/wp-content\/uploads\/2015\/02\/Index-Unternehmensberatung-Logo-03042012.jpg 1163w\" alt=\"Index Unternehmensberatung Logo 03042012\" width=\"300\" height=\"265\" \/><\/a><br \/>\nINDEX UNTERNEHMENSBERATUNG<sup>\u00ae<\/sup> GmbH<br \/>\nHohenzollernstr. 10, 83022 Rosenheim<br \/>\nGesch\u00e4ftsf\u00fchrender Gesellschafter:<br \/>\nHerbert Kriechbaumer Dipl. Immobilienwirt (IMI)<br \/>\nFachwirt der Grundst\u00fccks- und Wohnungswirtschaft (IHK)<br \/>\nTel:\u00a0\u00a0 08031 \u2013 39 30 30<br \/>\nFax: 08031 \u2013\u00a0 39 30 32<br \/>\nE-Mail: <span id=\"cloak29525\"><a href=\"mailto:info@index-unternehmensberatung.de\">info@index-unternehmensberatung.de<\/a><\/span><br \/>\nwww.index-unternehmensberatung.de<\/p>\n<p>betreibt diese Webseite als Dienste- und Informationsangebot.<\/p>\n<p>Ihre personenbezogenen Daten werden von uns nur gem\u00e4\u00df den Bestimmungen des geltenden Datenschutzrechts verarbeitet. Die nachfolgenden Vorschriften informieren Sie \u00fcber Art, Umfang und Zweck der Erhebung, Verarbeitung und Nutzung personenbezogener Daten. Diese Datenschutzerkl\u00e4rung bezieht sich nur auf unsere Webseiten. Falls Sie \u00fcber Links auf unseren Seiten auf andere Seiten weitergeleitet werden, informieren Sie sich bitte dort \u00fcber den jeweiligen Umgang mit Ihren Daten. Ihre pers\u00f6nlichen Daten werden soweit m\u00f6glich durch digitale Sicherheitssysteme verschl\u00fcsselt und durch technische und organisatorische Ma\u00dfnahmen vor Besch\u00e4digungen, Zerst\u00f6rung oder unberechtigtem Zugriff gesch\u00fctzt.<\/p>\n<p>Im Folgenden informieren wir \u00fcber die Erhebung personenbezogener Daten bei Ihnen als betroffene Person im Rahmen der Nutzung unserer Website. Personenbezogene Daten sind dabei alle Informationen, die sich auf eine identifizierte oder identifizierbare nat\u00fcrliche Person beziehen, wie etwa Name, Anschrift, Telefonnummer, E-Mail Adresse, Beruf, Bankverbindung etc. Unter der Verarbeitung von Daten versteht man insbesondere deren Erhebung, Speicherung, Verwendung und \u00dcbermittlung.<\/p>\n<p>Verantwortlicher gem. Art. 4 Abs. 7 EU-Datenschutz-Grundverordnung (DSGVO) ist<\/p>\n<p>INDEX UNTERNEHMENSBERATUNG\u00ae GmbH<br \/>\nHohenzollernstr. 10,<br \/>\n83022 Rosenheim<br \/>\nGesch\u00e4ftsf\u00fchrender Gesellschafter:<br \/>\nHerbert Kriechbaumer Dipl. Immobilienwirt (IMI)<br \/>\nFachwirt der Grundst\u00fccks- und Wohnungswirtschaft (IHK)<br \/>\nTel:08031 &#8211; 39 30 30<br \/>\nFax:08031 &#8211; 39 30 32<br \/>\nE-Mail:<span id=\"cloak3a37a51acc072bf6ddb8e905e1ad165b\"><span id=\"cloak6b6428298699b354b10e5ced6e723da1\"><a href=\"mailto:info@index-unternehmensberatung.de\">info@index-unternehmensberatung.de<\/a><br \/>\n<\/span><\/span><a href=\"http:\/\/www.index-unternehmensberatung.de\">www.index-unternehmensberatung.de<\/a><\/p>\n<p>Erhebung personenbezogener Daten bei Besuch unserer Website<\/p>\n<p>Allgemein<\/p>\n<p>Der Provider der Seiten erhebt und speichert automatisch Informationen in so genannten Server-Log Files, die Ihr Browser automatisch \u00fcbermittelt. Dies sind:<\/p>\n<ul>\n<li>Browser-Typ und -Version<\/li>\n<li>Verwendetes Betriebssystem<\/li>\n<li>Webseite, von der aus Sie uns besuchen (Referrer-URL)<\/li>\n<li>Webseite, die Sie besuchen<\/li>\n<li>Datum und Uhrzeit Ihres Zugriffs<\/li>\n<li>Ihre Internetprotokolldaten (IP-Adresse)<\/li>\n<li>\u00fcbertragene Datenmenge<\/li>\n<li>Zugriffsstatus (Dateien \u00fcbertragen, Datei nicht gefunden etc.)<\/li>\n<\/ul>\n<p>Diese Daten sind nicht bestimmten Personen zuordenbar. Eine Zusammenf\u00fchrung dieser Daten mit anderen Datenquellen wird nicht vorgenommen. Wir behalten uns vor, diese Daten nachtr\u00e4glich zu pr\u00fcfen, wenn uns konkrete Anhaltspunkte f\u00fcr eine rechtswidrige Nutzung bekannt werden. Die Rechtsgrundlage der diesbez\u00fcglichen Verarbeitung ist Art. 6 Abs. 1 S. 1 lit. f DSGVO. Die Daten werden gel\u00f6scht, sobald sie f\u00fcr die Erreichung des Zweckes ihrer Erhebung nicht mehr erforderlich sind. Im Falle der Erfassung der Daten zur Bereitstellung der Website ist dies der Fall, wenn die jeweilige Sitzung beendet ist. Die Erfassung dieser Daten zur Bereitstellung der Website und die Speicherung der Daten in Logfiles ist f\u00fcr den Betrieb der Internetseite zwingend erforderlich. Es besteht folglich seitens des Nutzers keine Widerspruchsm\u00f6glichkeit.<\/p>\n<p>Verwendung personenbezogener Daten<\/p>\n<p>Wenn Sie \u00fcber Fax oder telefonisch mit uns in Verbindung treten, k\u00f6nnen wir in diesem Rahmen einige pers\u00f6nliche Angaben von Ihnen abfragen. Alternativ ist eine Kontaktaufnahme \u00fcber eine von uns bereitgestellte E-Mail-Adresse m\u00f6glich. In diesem Fall werden die von Ihnen mit der E-Mail \u00fcbermittelten personenbezogenen Daten gespeichert. Abgefragt werden jeweils die Daten, die wir ben\u00f6tigen, um Ihre Kontaktanfrage sinnvoll bearbeiten zu k\u00f6nnen, mindestens jedoch Name und Vorname, E-Mail-Adresse und Telefonnummer. Es erfolgt im Zusammenhang mit dieser Datenverarbeitung keine Weitergabe der Daten an Dritte. Rechtsgrundlage ist das berechtigte Interesse zur Verarbeitung gem\u00e4\u00df Artikel 6 Absatz 1 f DSGVO.<\/p>\n<p>Dar\u00fcber hinaus k\u00f6nnen Sie uns im Rahmen der Kontaktanfrage weitere Daten freiwillig zur Verf\u00fcgung stellen. Die Daten werden von uns gespeichert und zum Zwecke der Beantwortung Ihrer Kontaktanfrage verwendet.<\/p>\n<p>Die Rechtsgrundlage f\u00fcr die Verarbeitung ist Art. 6 Abs. 1 lit. a DSGVO im Falle der Nutzung unseres Kontaktformulars. Senden Sie uns eine E-Mail ist die Rechtsgrundlage der Verarbeitung Art. 6 Abs. 1 lit. f DSGVO. Soweit die Kontaktaufnahme auf den Abschluss eines Vertrages abzielt ist die zus\u00e4tzliche Rechtsgrundlage der Verarbeitung Art. 6 Abs. 1 lit. b DSGVO.<\/p>\n<p>Die in diesem Zusammenhang anfallenden Daten l\u00f6schen wir, wenn sie zur Zweckerreichung nicht mehr erforderlich sind. F\u00fcr die personenbezogenen Daten aus der Eingabemaske des Kontaktformulars und diejenigen, die von Ihnen per E-Mail \u00fcbersandt wurden, ist dies dann der Fall, wenn die jeweilige Konversation beendet ist. Beendet ist die Konversation dann, wenn sich aus den Umst\u00e4nden entnehmen l\u00e4sst, dass der betroffene Sachverhalt abschlie\u00dfend gekl\u00e4rt ist. Sie haben jederzeit die M\u00f6glichkeit die von Ihnen zur Datenverarbeitung erteilte Einwilligung zu widerrufen. Soweit Sie mit uns per E-Mail in Kontakt getreten sind, k\u00f6nnen Sie einer Speicherung Ihrer personenbezogenen Daten widersprechen. Sie k\u00f6nnen Ihren Widerruf oder Widerspruch an die im Impressum angegebene Adresse richten. Bitte beachten Sie, dass in einem solchen Fall die Konversation nicht fortgef\u00fchrt werden kann und beendet werden muss. Die im Zuge der Kontaktaufnahme \u00fcbermittelten und gespeicherten Daten l\u00f6schen wir dann.<\/p>\n<p>Bestandsdaten<\/p>\n<p>Ihre personenbezogenen Daten, soweit diese f\u00fcr die Begr\u00fcndung, inhaltliche Ausgestaltung oder \u00c4nderung des Vertragsverh\u00e4ltnisses erforderlich sind (Bestandsdaten), werden ausschlie\u00dflich zur Vertragsabwicklung verwendet. Die Rechtsgrundlage f\u00fcr die Verarbeitung dieser Daten findet sich in Artikel 6 Absatz 1 b) EU-DSGVO. Auf Anordnung der zust\u00e4ndigen Stellen d\u00fcrfen wir im Einzelfall Auskunft \u00fcber Bestandsdaten erteilen, soweit dies f\u00fcr Zwecke der Strafverfolgung, zur Gefahrenabwehr durch die Polizeibeh\u00f6rden der L\u00e4nder, zur Erf\u00fcllung der gesetzlichen Aufgaben der Verfassungsschutzbeh\u00f6rden des Bundes und der L\u00e4nder, des Bundesnachrichtendienstes oder des Milit\u00e4rischen Abschirmdienstes oder zur Durchsetzung der Rechte am geistigen Eigentum erforderlich ist. Wir pr\u00fcfen solche Anfragen \u2013 sollte es dazu kommen \u2013 sorgf\u00e4ltig im Rahmen der uns zur Verf\u00fcgung stehenden Mittel und geben Ihre Daten nur dann weiter, wenn sich die rechtliche Verpflichtung f\u00fcr uns als durchgreifend darstellt. Rechtsgrundlage der Datenverarbeitung ist in diesen F\u00e4llen dann gem. Artikel 6 Absatz 1 c) EU-DSGVO die Erf\u00fcllung rechtlicher Verpflichtungen des Verantwortlichen, sowie einschl\u00e4gige Spezialgesetze.<\/p>\n<p>Cookies<\/p>\n<p>Die Internetseiten verwenden teilweise so genannte Cookies. Cookies richten auf Ihrem Rechner keinen Schaden an und enthalten keine Viren. Cookies dienen dazu, unser Angebot nutzerfreundlicher, effektiver und sicherer zu machen. Cookies sind kleine Textdateien, die auf Ihrem Rechner abgelegt werden und die Ihr Browser speichert. Die meisten der von uns verwendeten Cookies sind so genannte \u201eSession-Cookies\u201c. Sie werden nach Ende Ihres Besuchs automatisch gel\u00f6scht. Andere Cookies bleiben auf Ihrem Endger\u00e4t gespeichert, bis Sie diese l\u00f6schen. Diese Cookies erm\u00f6glichen es uns, Ihren Browser beim n\u00e4chsten Besuch wiederzuerkennen. Sie k\u00f6nnen Ihren Browser so einstellen, dass Sie \u00fcber das Setzen von Cookies informiert werden und Cookies nur im Einzelfall erlauben, die Annahme von Cookies f\u00fcr bestimmte F\u00e4lle oder generell ausschlie\u00dfen sowie das automatische L\u00f6schen der Cookies beim Schlie\u00dfen des Browser aktivieren. Bei der Deaktivierung von Cookies kann die Funktionalit\u00e4t dieser Website eingeschr\u00e4nkt sein. Die Rechtsgrundlage f\u00fcr die Verarbeitung personenbezogener Daten unter Verwendung von Cookies ist Art. 6 Abs. 1 lit. f DSGVO.<\/p>\n<p>Externe Links oder Hyperlinks zu Internetseiten anderer Anbieter<\/p>\n<p>Unser Internetangebot enth\u00e4lt externe Links oder Hyperlinks zu Internetseiten anderer Anbieter. Sie sind von eigenen Inhalten zu unterscheiden. Diese fremden Inhalte stammen weder von uns noch haben wir Einfluss darauf auf den Inhalt von Internetseiten Dritter. Bei der Anwahl eines externen Links oder Hyperlinks werden Sie von unserer Website auf die Website des fremden Anbieters weitergeleitet. Wir k\u00f6nnen in diesem Fall keine Gew\u00e4hrleistung f\u00fcr den vertraulichen Umgang mit Ihren Daten sowie die Einhaltung der Datenschutzbestimmungen durch diese fremden Anbieter \u00fcbernehmen. Die diesbez\u00fcgliche Verantwortung liegt allein bei dem jeweiligen Website-Anbieter. Sollten wir Kenntnis von dem rechtswidrigen Inhalt der auf unserer Website verf\u00fcgbaren externen Links oder Hyperlinks erhalten, entfernen wir die betroffenen Links umgehend. F\u00fcr entsprechende Hinweise verwenden Sie bitte die im Impressum angegebene Adresse.<\/p>\n<p>Widerspruch<\/p>\n<p>Sie k\u00f6nnen der Verwendung Ihrer Daten ohne vorherige Einwilligung jederzeit mit Wirkung f\u00fcr die Zukunft widersprechen.<\/p>\n<p>Widerruf<\/p>\n<p>Wir weisen Sie darauf hin, dass Sie eine gegebenenfalls erteilte Einwilligung jederzeit auch teilweise mit Wirkung f\u00fcr die Zukunft widerrufen k\u00f6nnen. Dazu k\u00f6nnen Sie sich jederzeit unter der im Impressum angegebenen Adresse an uns wenden<\/p>\n<p>Sie haben folgende Rechte:<\/p>\n<ul>\n<li>Artikel 13, 14 EU-DSGVO \u2013 Informationsrecht<\/li>\n<li>Artikel 15 EU-DSGVO \u2013 Auskunftsrecht: Auf Anfrage werden wir Sie gern \u00fcber die zu Ihrer Person gespeicherten Daten informieren. Die Information erfolgt in Textform. Sie k\u00f6nnen Sie sich jederzeit unter der im Impressum angegebenen Adresse an uns wenden.<\/li>\n<li>Artikel 16 EU-DSGVO \u2013 das Recht auf Berichtigung<\/li>\n<li>Artikel 17 EU-DSGVO \u2013 Recht auf L\u00f6schung<\/li>\n<li>Artikel 18 EU-DSGVO \u2013 Recht auf Einschr\u00e4nkung der Verarbeitung<\/li>\n<li>Artikel 19 EU-DSGVO \u2013 Mitteilung<\/li>\n<li>Artikel 20 EU-DSGVO \u2013 Recht auf Daten\u00fcbertragung<\/li>\n<li>Artikel 21 EU-DSGVO \u2013 Widerspruch<\/li>\n<li>Artikel 22 EU-DSGVO &#8211; Automatisierte Entscheidungen im Einzelfall einschlie\u00dflich Profiling<\/li>\n<li>Artikel 23 EU-DSGVO \u2013 Beschr\u00e4nkungen<\/li>\n<li>Artikel 77 EU-DSGVO &#8211; Beschwerderecht<\/li>\n<\/ul>\n<p>Der Gesetzgeber hat vielf\u00e4ltige Aufbewahrungspflichten- und Fristen erlassen. Nach Ablauf dieser Fristen werden die Daten routinem\u00e4\u00dfig gel\u00f6scht.<\/p>\n<p>Recht auf Auskunft, L\u00f6schung, Sperrung<\/p>\n<p>Sie haben jederzeit das Recht auf unentgeltliche Auskunft \u00fcber Ihre gespeicherten personenbezogenen Daten, deren Herkunft und Empf\u00e4nger und den Zweck der Datenverarbeitung sowie ein Recht auf Berichtigung, Sperrung oder L\u00f6schung dieser Daten. Hierzu sowie zu weiteren Fragen zum Thema personenbezogene Daten k\u00f6nnen Sie sich jederzeit unter der im Impressum angegebenen Adresse an uns wenden.<\/p>\n<p>Kontaktaufnahme via E-Mail<\/p>\n<p>Wenn Sie uns per E-Mail Anfragen zukommen lassen, werden Ihre Angaben aus dem Anfrageformular inklusive der von Ihnen dort angegebenen Kontaktdaten zwecks Bearbeitung der Anfrage und f\u00fcr den Fall von Anschlussfragen bei uns gespeichert. Diese Daten geben wir nicht ohne Ihre Einwilligung weiter.<\/p>\n<p>Weitere Informationen<\/p>\n<p>Ihr Vertrauen ist uns wichtig. Daher m\u00f6chten wir Ihnen jederzeit Rede und Antwort bez\u00fcglich der Verarbeitung Ihrer personenbezogenen Daten stehen. Wenn Sie Fragen haben, die Ihnen diese Datenschutzerkl\u00e4rung nicht beantworten konnte oder wenn Sie zu einem Punkt vertiefte Informationen w\u00fcnschen, wenden Sie sich bitte jederzeit an die im Impressum angegebene Adresse.<\/p>\n<p>Hinweis:<\/p>\n<p>Wir sind bem\u00fcht, Ihre personenbezogenen Daten durch Ergreifung aller technischen und organisatorischen M\u00f6glichkeiten so zu speichern, dass sie f\u00fcr Dritte nicht zug\u00e4nglich sind. Bei der Kommunikation per E-Mail kann die vollst\u00e4ndige Datensicherheit von uns nicht gew\u00e4hrleistet werden, so dass wir Ihnen bei vertraulichen Informationen den Postweg empfehlen.<\/p>\n<p>\u00c4nderungen und Aktualit\u00e4t dieser Datenschutzerkl\u00e4rung<\/p>\n<p>Durch die Weiterentwicklung unserer Website und Angebote dar\u00fcber oder aufgrund ge\u00e4nderter gesetzlicher beziehungsweise beh\u00f6rdlicher Vorgaben kann es notwendig werden, diese Datenschutzerkl\u00e4rung zu \u00e4ndern. Die jeweils aktuelle Datenschutzerkl\u00e4rung kann jederzeit hier auf unserer Website von Ihnen abgerufen und ausgedruckt werden. Jede \u00c4nderung der Datenschutzerkl\u00e4rung wird hier auf dieser Webseite bekannt gegeben und gilt ab dem Ver\u00f6ffentlichungsdatum. Sollte wir Ihre Daten f\u00fcr weitergehende Zwecke verwenden wollen, so werden wir Sie daf\u00fcr um Ihre Erlaubnis bitten. Nur mit Zustimmung \u00e4ndert sich so der Nutzungszweck dieser Daten.<\/p>\n<p>Diese Datenschutz-Erkl\u00e4rung ist aktuell g\u00fcltig und datiert vom 20.Mai 2018.<\/p>\n<p>Recht auf Beschwerde bei einer Aufsichtsbeh\u00f6rde<\/p>\n<p>Unbeschadet eines anderweitigen verwaltungsrechtlichen oder gerichtlichen Rechtsbehelfs steht Ihnen das Recht auf Beschwerde bei einer Aufsichtsbeh\u00f6rde, insbesondere in dem Mitgliedstaat ihres Aufenthaltsorts, ihres Arbeitsplatzes oder des Orts des mutma\u00dflichen Versto\u00dfes, zu, wenn Sie der Ansicht sind, dass die Verarbeitung der Sie betreffenden personenbezogenen Daten gegen die DSGVO verst\u00f6\u00dft.<\/p>\n<p>Die Aufsichtsbeh\u00f6rde, bei der die Beschwerde eingereicht wurde, unterrichtet den Beschwerdef\u00fchrer \u00fcber den Stand und die Ergebnisse der Beschwerde einschlie\u00dflich der M\u00f6glichkeit eines gerichtlichen Rechtsbehelfs nach Art.\u00a078 DSGVO.<\/p>\n<p>Widerspruch Werbe-Mails<\/p>\n<p>Der Nutzung der auf unseren Seiten ver\u00f6ffentlichten Kontaktdaten, z.B. im Rahmen der Impressumspflicht bzw. Datenschutzerkl\u00e4rung zur \u00dcbersendung von nicht ausdr\u00fccklich angeforderter Werbung und Informationsmaterialien wird hiermit widersprochen. Die Betreiber der Seiten behalten sich ausdr\u00fccklich rechtliche Schritte im Falle der unverlangten Zusendung von Werbeinformationen, etwa durch Spam-E-Mails, vor.<\/p>\n","protected":false},"excerpt":{"rendered":"<p>Datenschutzerkl\u00e4rung INDEX SEMINARE ein Unternehmen der INDEX UNTERNEHMENSBERATUNG\u00ae GmbH Hohenzollernstr. 10, 83022 Rosenheim Gesch\u00e4ftsf\u00fchrender Gesellschafter: Herbert Kriechbaumer Dipl. Immobilienwirt (IMI) Fachwirt der Grundst\u00fccks- und Wohnungswirtschaft (IHK) Tel:\u00a0\u00a0 08031 \u2013 39 30 30 Fax: 08031 \u2013\u00a0 39 30 32 E-Mail: info@index-unternehmensberatung.de www.index-unternehmensberatung.de betreibt diese Webseite als Dienste- und Informationsangebot. Ihre personenbezogenen&hellip; <\/p>\n","protected":false},"author":1,"featured_media":0,"parent":0,"menu_order":0,"comment_status":"closed","ping_status":"closed","template":"template-fullwidth.php","meta":[],"_links":{"self":[{"href":"https:\/\/index-seminare.de\/index.php?rest_route=\/wp\/v2\/pages\/251"}],"collection":[{"href":"https:\/\/index-seminare.de\/index.php?rest_route=\/wp\/v2\/pages"}],"about":[{"href":"https:\/\/index-seminare.de\/index.php?rest_route=\/wp\/v2\/types\/page"}],"author":[{"embeddable":true,"href":"https:\/\/index-seminare.de\/index.php?rest_route=\/wp\/v2\/users\/1"}],"replies":[{"embeddable":true,"href":"https:\/\/index-seminare.de\/index.php?rest_route=%2Fwp%2Fv2%2Fcomments&post=251"}],"version-history":[{"count":3,"href":"https:\/\/index-seminare.de\/index.php?rest_route=\/wp\/v2\/pages\/251\/revisions"}],"predecessor-version":[{"id":254,"href":"https:\/\/index-seminare.de\/index.php?rest_route=\/wp\/v2\/pages\/251\/revisions\/254"}],"wp:attachment":[{"href":"https:\/\/index-seminare.de\/index.php?rest_route=%2Fwp%2Fv2%2Fmedia&parent=251"}],"curies":[{"name":"wp","href":"https:\/\/api.w.org\/{rel}","templated":true}]}}