{"id":27,"date":"2015-02-06T16:50:46","date_gmt":"2015-02-06T16:50:46","guid":{"rendered":"http:\/\/index-seminare.de\/?page_id=27"},"modified":"2020-05-29T10:36:00","modified_gmt":"2020-05-29T10:36:00","slug":"vortraege","status":"publish","type":"page","link":"https:\/\/index-seminare.de\/?page_id=27","title":{"rendered":"Vortr\u00e4ge"},"content":{"rendered":"<p class=\"blog_head\"><span style=\"text-decoration: underline;\"><strong>Gewaltfreie Kommunikation (GFK) nach Marshall B. Rosenberg,<\/strong> <\/span><\/p>\n<p class=\"blog_head\">Hohenzollernstrasse 10, 83022 Rosenheim &#8211; Anmeldung erbeten unter 08031-393030<\/p>\n<p>GFK \u2013 Gewaltfreie Kommunikation<\/p>\n<p id=\"firstHeading\" class=\"firstHeading\" lang=\"de\"><strong>Gewaltfreie Kommunikation:\u00a0<\/strong>Die <b>Gewaltfreie Kommunikation (GFK)<\/b> ist ein <a title=\"Konzept\" href=\"https:\/\/de.wikipedia.org\/wiki\/Konzept\">Konzept<\/a>, das von <a title=\"Marshall B. Rosenberg\" href=\"https:\/\/de.wikipedia.org\/wiki\/Marshall_B._Rosenberg\">Marshall B. Rosenberg<\/a> entwickelt wurde. Es soll <a title=\"Mensch\" href=\"https:\/\/de.wikipedia.org\/wiki\/Mensch\">Menschen<\/a> erm\u00f6glichen, so miteinander umzugehen, dass der Kommunikationsfluss zu mehr <a title=\"Vertrauen\" href=\"https:\/\/de.wikipedia.org\/wiki\/Vertrauen\">Vertrauen<\/a> und <a title=\"Freude\" href=\"https:\/\/de.wikipedia.org\/wiki\/Freude\">Freude<\/a> am Leben f\u00fchrt. GFK kann in diesem Sinne sowohl bei der <a title=\"Kommunikation\" href=\"https:\/\/de.wikipedia.org\/wiki\/Kommunikation\">Kommunikation<\/a> im Alltag als auch bei der friedlichen Konfliktl\u00f6sung im pers\u00f6nlichen, beruflichen oder politischen Bereich hilfreich sein. Im Vordergrund steht nicht, andere Menschen zu einem bestimmten Handeln zu bewegen, sondern eine <a title=\"Wertsch\u00e4tzung\" href=\"https:\/\/de.wikipedia.org\/wiki\/Wertsch%C3%A4tzung\">wertsch\u00e4tzende <\/a><a title=\"Soziale Beziehung\" href=\"https:\/\/de.wikipedia.org\/wiki\/Soziale_Beziehung\">Beziehung<\/a> zu entwickeln, die mehr <a title=\"Kooperation\" href=\"https:\/\/de.wikipedia.org\/wiki\/Kooperation\">Kooperation<\/a> und gemeinsame Kreativit\u00e4t im Zusammenleben erm\u00f6glicht. Manchmal werden auch die Bezeichnungen \u201eEinf\u00fchlsame Kommunikation\u201c, \u201eVerbindende Kommunikation\u201c, \u201eSprache des Herzens\u201c verwendet.<\/p>\n<div id=\"bodyContent\" class=\"mw-body-content\">\n<div>\u00a0<\/div>\n<\/div>\n<div>https:\/\/de.wikipedia.org\/wiki\/Gewaltfreie_Kommunikation<\/div>\n<div>\u00a0<\/div>\n<div>Nur noch wenige Pl\u00e4tze frei. Anmeldung erforderlich<\/div>\n<div class=\"clear\">\u00a0<\/div>\n<nav id=\"nav-single\"><\/nav>\n<p><span style=\"text-decoration: underline;\"><strong>Vortrag &#8211; Erlebnisabend \u00a0&#8211; The Work\u00a0<\/strong><\/span><\/p>\n<p>mit Francesca Terranova und<br \/>Herbert Kriechbaumer<br \/>Ort: Hohenzollernstrasse 10,<br \/>83022 Rosenheim, Index-Seminare<\/p>\n<p>Anmeldung erbeten unter<br \/>info@index-seminare.de<br \/>oder 0170-3400978<\/p>\n<p>The Work anzuwenden ist das Ende aller Probleme. Das klingt vielleicht zu gut um wahr zu sein. Wenn du anf\u00e4ngst deine Gedanken zu \u00fcberpr\u00fcfen, kannst du feststellen, dass die Wahrheit n\u00e4her ist als du denkst. Die Ursache f\u00fcr jeden Stress, f\u00fcr jedes Leiden, ist dass du deinen Gedanken glaubst.<br \/>Das geschieht automatisch.<\/p>\n<p>Mit The Work kannst du deine Glaubenss\u00e4tze aufdecken, die dein Leben einschr\u00e4nken und erschweren. Du kannst dich von allen deinen gro\u00dfen und kleinen Dramen effektiv und nachhaltig befreien.<\/p>\n<p>The Work kann dir helfen bei Stress und Burnout, bei \u00c4rger, \u00c4ngsten und Frust, bei k\u00f6rperlichen oder emotionalen Schmerz, beim Umgang mit chronischen Krankheiten, mit Abh\u00e4ngigkeiten, bei Scham und Schuldgef\u00fchlen, bei dem Gef\u00fchl Opfer der Umst\u00e4nde zu sein, nicht gut genug zu sein. Und bei allem anderen, was uns in irgend einer Form belastet. Es gibt nach unserer Erfahrung kein Problem, das nicht mit The Work aufgel\u00f6st werden kann.<\/p>\n<p>Wir arbeiten mit den Gedanken, die die Ursache all unserer negativen Erfahrungen sind. Du bist nicht l\u00e4nger Sklave deiner Gedanken, sondern kannst erleben wie es ist frei zu sein. Die frei werdende Energie steht dir dann f\u00fcr deine Heilung und f\u00fcr eine neue Lebendigkeit zur Verf\u00fcgung.<\/p>\n\n\n<p><\/p>\n","protected":false},"excerpt":{"rendered":"<p>Gewaltfreie Kommunikation (GFK) nach Marshall B. Rosenberg, Hohenzollernstrasse 10, 83022 Rosenheim &#8211; Anmeldung erbeten unter 08031-393030 GFK \u2013 Gewaltfreie Kommunikation Gewaltfreie Kommunikation:\u00a0Die Gewaltfreie Kommunikation (GFK) ist ein Konzept, das von Marshall B. Rosenberg entwickelt wurde. Es soll Menschen erm\u00f6glichen, so miteinander umzugehen, dass der Kommunikationsfluss zu mehr Vertrauen und Freude&hellip; <\/p>\n","protected":false},"author":1,"featured_media":0,"parent":0,"menu_order":3,"comment_status":"closed","ping_status":"closed","template":"template-fullwidth.php","meta":[],"_links":{"self":[{"href":"https:\/\/index-seminare.de\/index.php?rest_route=\/wp\/v2\/pages\/27"}],"collection":[{"href":"https:\/\/index-seminare.de\/index.php?rest_route=\/wp\/v2\/pages"}],"about":[{"href":"https:\/\/index-seminare.de\/index.php?rest_route=\/wp\/v2\/types\/page"}],"author":[{"embeddable":true,"href":"https:\/\/index-seminare.de\/index.php?rest_route=\/wp\/v2\/users\/1"}],"replies":[{"embeddable":true,"href":"https:\/\/index-seminare.de\/index.php?rest_route=%2Fwp%2Fv2%2Fcomments&post=27"}],"version-history":[{"count":17,"href":"https:\/\/index-seminare.de\/index.php?rest_route=\/wp\/v2\/pages\/27\/revisions"}],"predecessor-version":[{"id":288,"href":"https:\/\/index-seminare.de\/index.php?rest_route=\/wp\/v2\/pages\/27\/revisions\/288"}],"wp:attachment":[{"href":"https:\/\/index-seminare.de\/index.php?rest_route=%2Fwp%2Fv2%2Fmedia&parent=27"}],"curies":[{"name":"wp","href":"https:\/\/api.w.org\/{rel}","templated":true}]}}