{"id":273,"date":"2020-05-29T09:54:54","date_gmt":"2020-05-29T09:54:54","guid":{"rendered":"http:\/\/index-seminare.de\/?page_id=273"},"modified":"2020-05-29T10:07:31","modified_gmt":"2020-05-29T10:07:31","slug":"das-ende-von-leiden","status":"publish","type":"page","link":"https:\/\/index-seminare.de\/","title":{"rendered":"Das Ende von Leiden"},"content":{"rendered":"\n<p><strong>The Work \u2013 Das Ende von Leiden<\/strong><\/p>\n\n\n\n<p>The Work ist vielleicht die einfachste und effektivste Methode, unseren Verstand zu hinterfragen. Wenn der Verstand klar ist, kl\u00e4rt sich auch unsere Gef\u00fchlswelt.<\/p>\n\n\n\n<p>The Work anzuwenden ist das Ende aller Probleme. Das klingt vielleicht zu gut um wahr zu sein, wenn du anf\u00e4ngst deine Gedanken zu \u00fcberpr\u00fcfen, kannst du feststellen, dass die Wahrheit n\u00e4her ist als du denkst.<\/p>\n\n\n\n<p>Die Ursache f\u00fcr jeden Stress, f\u00fcr jedes Leiden, ist dass du deinen Gedanken glaubst. Das geschieht automatisch.<\/p>\n\n\n\n<p>Mit The Work kannst du deine Glaubenss\u00e4tze aufdecken, die dein Leben einschr\u00e4nken und erschweren. Du kannst dich von allen deinen gro\u00dfen und kleinen Dramen effektiv und nachhaltig befreien.<\/p>\n\n\n\n<p>The Work kann dir helfen bei Stress und Burnout, bei \u00c4rger, \u00c4ngsten und Frust, bei k\u00f6rperlichen oder emotionalen Schmerz, beim Umgang mit chronischen Krankheiten, mit Abh\u00e4ngigkeiten, bei Scham und Schuldgef\u00fchlen, bei dem Gef\u00fchl Opfer der Umst\u00e4nde zu sein, nicht gut genug zu sein. Und bei allem anderen, was uns in irgend einer Form belastet. Es gibt nach unserer Erfahrung kein Problem, das nicht mit The Work aufgel\u00f6st werden kann.<\/p>\n\n\n\n<p>Wir arbeiten mit den Gedanken, die die Ursache all unserer negativen Erfahrungen sind. Du bist nicht l\u00e4nger Sklave deiner Gedanken, sondern kannst erleben wie es ist frei zu sein. Die frei werdende Energie steht dir dann f\u00fcr deine Heilung und f\u00fcr eine neue Lebendigkeit zur Verf\u00fcgung.<\/p>\n","protected":false},"excerpt":{"rendered":"<p>The Work \u2013 Das Ende von Leiden The Work ist vielleicht die einfachste und effektivste Methode, unseren Verstand zu hinterfragen. Wenn der Verstand klar ist, kl\u00e4rt sich auch unsere Gef\u00fchlswelt. The Work anzuwenden ist das Ende aller Probleme. Das klingt vielleicht zu gut um wahr zu sein, wenn du anf\u00e4ngst&hellip; <\/p>\n","protected":false},"author":1,"featured_media":265,"parent":0,"menu_order":0,"comment_status":"closed","ping_status":"closed","template":"","meta":[],"_links":{"self":[{"href":"https:\/\/index-seminare.de\/index.php?rest_route=\/wp\/v2\/pages\/273"}],"collection":[{"href":"https:\/\/index-seminare.de\/index.php?rest_route=\/wp\/v2\/pages"}],"about":[{"href":"https:\/\/index-seminare.de\/index.php?rest_route=\/wp\/v2\/types\/page"}],"author":[{"embeddable":true,"href":"https:\/\/index-seminare.de\/index.php?rest_route=\/wp\/v2\/users\/1"}],"replies":[{"embeddable":true,"href":"https:\/\/index-seminare.de\/index.php?rest_route=%2Fwp%2Fv2%2Fcomments&post=273"}],"version-history":[{"count":4,"href":"https:\/\/index-seminare.de\/index.php?rest_route=\/wp\/v2\/pages\/273\/revisions"}],"predecessor-version":[{"id":278,"href":"https:\/\/index-seminare.de\/index.php?rest_route=\/wp\/v2\/pages\/273\/revisions\/278"}],"wp:featuredmedia":[{"embeddable":true,"href":"https:\/\/index-seminare.de\/index.php?rest_route=\/wp\/v2\/media\/265"}],"wp:attachment":[{"href":"https:\/\/index-seminare.de\/index.php?rest_route=%2Fwp%2Fv2%2Fmedia&parent=273"}],"curies":[{"name":"wp","href":"https:\/\/api.w.org\/{rel}","templated":true}]}}