{"id":29,"date":"2015-02-06T16:59:18","date_gmt":"2015-02-06T16:59:18","guid":{"rendered":"http:\/\/index-seminare.de\/?page_id=29"},"modified":"2015-02-07T14:14:25","modified_gmt":"2015-02-07T14:14:25","slug":"impressum","status":"publish","type":"page","link":"https:\/\/index-seminare.de\/?page_id=29","title":{"rendered":"Impressum"},"content":{"rendered":"<p>INDEX SEMINARE ein Unternehmen der<a href=\"http:\/\/index-seminare.de\/wp-content\/uploads\/2015\/02\/Index-Unternehmensberatung-Logo-03042012.jpg\"><img loading=\"lazy\" class=\"alignright size-medium wp-image-31\" src=\"http:\/\/index-seminare.de\/wp-content\/uploads\/2015\/02\/Index-Unternehmensberatung-Logo-03042012-300x265.jpg\" alt=\"Index Unternehmensberatung Logo 03042012\" width=\"300\" height=\"265\" srcset=\"https:\/\/index-seminare.de\/wp-content\/uploads\/2015\/02\/Index-Unternehmensberatung-Logo-03042012-300x265.jpg 300w, https:\/\/index-seminare.de\/wp-content\/uploads\/2015\/02\/Index-Unternehmensberatung-Logo-03042012-1024x905.jpg 1024w, https:\/\/index-seminare.de\/wp-content\/uploads\/2015\/02\/Index-Unternehmensberatung-Logo-03042012.jpg 1163w\" sizes=\"(max-width: 300px) 100vw, 300px\" \/><\/a><br \/>\nINDEX UNTERNEHMENSBERATUNG<sup>\u00ae<\/sup> GmbH<br \/>\nHohenzollernstr. 10, 83022 Rosenheim<br \/>\nGesch\u00e4ftsf\u00fchrender Gesellschafter:<br \/>\nHerbert Kriechbaumer Dipl. Immobilienwirt (IMI)<br \/>\nFachwirt der Grundst\u00fccks- und Wohnungswirtschaft (IHK)<br \/>\nTel:\u00a0\u00a0 08031 &#8211; 39 30 30<br \/>\nFax: 08031 &#8211;\u00a0 39 30 32<br \/>\nE-Mail: <span id=\"cloak29525\"><a href=\"mailto:info@index-unternehmensberatung.de\">info@index-unternehmensberatung.de<\/a><\/span><br \/>\nwww.index-unternehmensberatung.de<br \/>\n<strong><br \/>\n<\/strong>Amtsgericht:<br \/>\nEingetragen im Amtsgericht Traunstein, HRB 22615<br \/>\nGewerbeerlaubnis:<br \/>\nGewerbeerlaubnis gem\u00e4\u00df \u00a714 GewO und \u00a7 34c der GewO erteilt durch Stadt Rosenheim,<br \/>\nK\u00f6nigstr. 15, 83022 Rosenheim, 08031-3651352<\/p>\n","protected":false},"excerpt":{"rendered":"<p>INDEX SEMINARE ein Unternehmen der INDEX UNTERNEHMENSBERATUNG\u00ae GmbH Hohenzollernstr. 10, 83022 Rosenheim Gesch\u00e4ftsf\u00fchrender Gesellschafter: Herbert Kriechbaumer Dipl. Immobilienwirt (IMI) Fachwirt der Grundst\u00fccks- und Wohnungswirtschaft (IHK) Tel:\u00a0\u00a0 08031 &#8211; 39 30 30 Fax: 08031 &#8211;\u00a0 39 30 32 E-Mail: info@index-unternehmensberatung.de www.index-unternehmensberatung.de Amtsgericht: Eingetragen im Amtsgericht Traunstein, HRB 22615 Gewerbeerlaubnis: Gewerbeerlaubnis gem\u00e4\u00df&hellip; <\/p>\n","protected":false},"author":1,"featured_media":31,"parent":0,"menu_order":5,"comment_status":"closed","ping_status":"closed","template":"template-fullwidth.php","meta":[],"_links":{"self":[{"href":"https:\/\/index-seminare.de\/index.php?rest_route=\/wp\/v2\/pages\/29"}],"collection":[{"href":"https:\/\/index-seminare.de\/index.php?rest_route=\/wp\/v2\/pages"}],"about":[{"href":"https:\/\/index-seminare.de\/index.php?rest_route=\/wp\/v2\/types\/page"}],"author":[{"embeddable":true,"href":"https:\/\/index-seminare.de\/index.php?rest_route=\/wp\/v2\/users\/1"}],"replies":[{"embeddable":true,"href":"https:\/\/index-seminare.de\/index.php?rest_route=%2Fwp%2Fv2%2Fcomments&post=29"}],"version-history":[{"count":3,"href":"https:\/\/index-seminare.de\/index.php?rest_route=\/wp\/v2\/pages\/29\/revisions"}],"predecessor-version":[{"id":66,"href":"https:\/\/index-seminare.de\/index.php?rest_route=\/wp\/v2\/pages\/29\/revisions\/66"}],"wp:featuredmedia":[{"embeddable":true,"href":"https:\/\/index-seminare.de\/index.php?rest_route=\/wp\/v2\/media\/31"}],"wp:attachment":[{"href":"https:\/\/index-seminare.de\/index.php?rest_route=%2Fwp%2Fv2%2Fmedia&parent=29"}],"curies":[{"name":"wp","href":"https:\/\/api.w.org\/{rel}","templated":true}]}}